{"id":23,"date":"2023-01-27T15:02:42","date_gmt":"2023-01-27T18:02:42","guid":{"rendered":"https:\/\/proirriga.com\/?page_id=23"},"modified":"2024-07-02T11:33:53","modified_gmt":"2024-07-02T14:33:53","slug":"produtos","status":"publish","type":"page","link":"https:\/\/proirriga.com\/?page_id=23","title":{"rendered":"Produtos"},"content":{"rendered":"\t\t<div data-elementor-type=\"wp-page\" data-elementor-id=\"23\" class=\"elementor elementor-23\" data-elementor-post-type=\"page\">\n\t\t\t\t<div class=\"elementor-element elementor-element-96c757d elementor-hidden-tablet elementor-hidden-mobile_extra elementor-hidden-widescreen elementor-hidden-desktop elementor-hidden-laptop elementor-hidden-mobile e-flex e-con-boxed e-con e-parent\" data-id=\"96c757d\" data-element_type=\"container\" data-e-type=\"container\">\n\t\t\t\t\t<div class=\"e-con-inner\">\n\t\t<div class=\"elementor-element elementor-element-977ac35 e-con-full e-flex e-con e-child\" data-id=\"977ac35\" data-element_type=\"container\" data-e-type=\"container\">\n\t\t\t\t<div class=\"elementor-element elementor-element-8839831 htmega-title-align-center elementor-widget elementor-widget-section-title-addons\" data-id=\"8839831\" data-element_type=\"widget\" data-e-type=\"widget\" data-widget_type=\"section-title-addons.default\">\n\t\t\t\t<div class=\"elementor-widget-container\">\n\t\t\t\t\t            <div class=\"htmega-8839831 htmega-section-title htmega-subtitle-position-bottom title-style-two htmega-section-title-order-parent image-bottom\">\n                <h2 class=\"section-title-txt\">Nossos Produtos<\/h2><div class=htmega-title-sperator-sec><span class=\"htmega-title-sperator\">&nbsp;<\/span><\/div><p class=\"section-subtitle-txt\">As melhores solu\u00e7\u00f5es para seu projeto<\/p>            <\/div>\n\n            \n        \t\t\t\t<\/div>\n\t\t\t\t<\/div>\n\t\t\t\t<div class=\"elementor-element elementor-element-3426bfb e-n-tabs-mobile elementor-widget elementor-widget-n-tabs\" data-id=\"3426bfb\" data-element_type=\"widget\" data-e-type=\"widget\" data-settings=\"{&quot;horizontal_scroll&quot;:&quot;disable&quot;}\" data-widget_type=\"nested-tabs.default\">\n\t\t\t\t<div class=\"elementor-widget-container\">\n\t\t\t\t\t\t\t<div class=\"e-n-tabs\" data-widget-number=\"54684667\" aria-label=\"Abas. Abra itens com &quot;Enter&quot; ou &quot;Espa\u00e7o&quot;, feche com &quot;Escape&quot; e navegue usando as teclas de &quot;Seta&quot;.\">\n\t\t\t<div class=\"e-n-tabs-heading\" role=\"tablist\">\n\t\t\t\t\t<button id=\"e-n-tab-title-546846671\" data-tab-title-id=\"e-n-tab-title-546846671\" class=\"e-n-tab-title\" aria-selected=\"true\" data-tab-index=\"1\" role=\"tab\" tabindex=\"0\" aria-controls=\"e-n-tab-content-546846671\" style=\"--n-tabs-title-order: 1;\">\n\t\t\t\t\t\t<span class=\"e-n-tab-title-text\">\n\t\t\t\tAba N\u00ba 1\t\t\t<\/span>\n\t\t<\/button>\n\t\t\t\t<button id=\"e-n-tab-title-546846672\" data-tab-title-id=\"e-n-tab-title-546846672\" class=\"e-n-tab-title\" aria-selected=\"false\" data-tab-index=\"2\" role=\"tab\" tabindex=\"-1\" aria-controls=\"e-n-tab-content-546846672\" style=\"--n-tabs-title-order: 2;\">\n\t\t\t\t\t\t<span class=\"e-n-tab-title-text\">\n\t\t\t\tAba N\u00ba 2\t\t\t<\/span>\n\t\t<\/button>\n\t\t\t\t<button id=\"e-n-tab-title-546846673\" data-tab-title-id=\"e-n-tab-title-546846673\" class=\"e-n-tab-title\" aria-selected=\"false\" data-tab-index=\"3\" role=\"tab\" tabindex=\"-1\" aria-controls=\"e-n-tab-content-546846673\" style=\"--n-tabs-title-order: 3;\">\n\t\t\t\t\t\t<span class=\"e-n-tab-title-text\">\n\t\t\t\tAba N\u00ba 3\t\t\t<\/span>\n\t\t<\/button>\n\t\t\t\t\t<\/div>\n\t\t\t<div class=\"e-n-tabs-content\">\n\t\t\t\t<div id=\"e-n-tab-content-546846671\" role=\"tabpanel\" aria-labelledby=\"e-n-tab-title-546846671\" data-tab-index=\"1\" style=\"--n-tabs-title-order: 1;\" class=\"e-active elementor-element elementor-element-4c650f5 e-con-full e-flex e-con e-child\" data-id=\"4c650f5\" data-element_type=\"container\" data-e-type=\"container\">\n\t\t<div class=\"elementor-element elementor-element-1d4b9aa e-flex e-con-boxed e-con e-child\" data-id=\"1d4b9aa\" data-element_type=\"container\" data-e-type=\"container\">\n\t\t\t\t\t<div class=\"e-con-inner\">\n\t\t\t\t\t<\/div>\n\t\t\t\t<\/div>\n\t\t\t\t<\/div>\n\t\t<div id=\"e-n-tab-content-546846672\" role=\"tabpanel\" aria-labelledby=\"e-n-tab-title-546846672\" data-tab-index=\"2\" style=\"--n-tabs-title-order: 2;\" class=\" elementor-element elementor-element-533cb0e e-con-full e-flex e-con e-child\" data-id=\"533cb0e\" data-element_type=\"container\" data-e-type=\"container\">\n\t\t\t\t<\/div>\n\t\t<div id=\"e-n-tab-content-546846673\" role=\"tabpanel\" aria-labelledby=\"e-n-tab-title-546846673\" data-tab-index=\"3\" style=\"--n-tabs-title-order: 3;\" class=\" elementor-element elementor-element-e5cfa50 e-con-full e-flex e-con e-child\" data-id=\"e5cfa50\" data-element_type=\"container\" data-e-type=\"container\">\n\t\t\t\t<\/div>\n\t\t\t\t\t<\/div>\n\t\t<\/div>\n\t\t\t\t\t\t<\/div>\n\t\t\t\t<\/div>\n\t\t\t\t<\/div>\n\t\t\t\t\t<\/div>\n\t\t\t\t<\/div>\n\t\t<div class=\"elementor-element elementor-element-d47aa93 e-flex e-con-boxed e-con e-parent\" data-id=\"d47aa93\" data-element_type=\"container\" data-e-type=\"container\">\n\t\t\t\t\t<div class=\"e-con-inner\">\n\t\t<div class=\"elementor-element elementor-element-eadf148 e-con-full e-flex e-con e-child\" data-id=\"eadf148\" data-element_type=\"container\" data-e-type=\"container\">\n\t\t\t\t<div class=\"elementor-element elementor-element-1d60fa4 htmega-title-align-center elementor-widget elementor-widget-section-title-addons\" data-id=\"1d60fa4\" data-element_type=\"widget\" data-e-type=\"widget\" data-widget_type=\"section-title-addons.default\">\n\t\t\t\t<div class=\"elementor-widget-container\">\n\t\t\t\t\t            <div class=\"htmega-1d60fa4 htmega-section-title htmega-subtitle-position-bottom title-style-two htmega-section-title-order-parent image-bottom\">\n                <h2 class=\"section-title-txt\">Nossos Produtos<\/h2><div class=htmega-title-sperator-sec><span class=\"htmega-title-sperator\">&nbsp;<\/span><\/div><p class=\"section-subtitle-txt\">As melhores solu\u00e7\u00f5es para seu projeto<\/p>            <\/div>\n\n            \n        \t\t\t\t<\/div>\n\t\t\t\t<\/div>\n\t\t\t\t<div class=\"elementor-element elementor-element-36e6638 elementor-invisible elementor-widget elementor-widget-htmega-imagegrid-addons\" data-id=\"36e6638\" data-element_type=\"widget\" data-e-type=\"widget\" data-settings=\"{&quot;_animation&quot;:&quot;fadeIn&quot;}\" data-widget_type=\"htmega-imagegrid-addons.default\">\n\t\t\t\t<div class=\"elementor-widget-container\">\n\t\t\t\t\t            <div class=\"htmega-gridimage-area htmega-image-gridstyle-4\" >\n                <div class=\"htb-row\">\n                                                <div class=\"htb-col-md-4 htb-col-sm-6 htb-col-12\">\n                                <div class=\"htmega-singleimage-grid htmega-singleimage-gridstyle-4\" >\n                                    <div class=\"thumb\">\n                                        <a href=\"#\" target=\"_blank\" rel=\"nofollow\"><img fetchpriority=\"high\" decoding=\"async\" width=\"300\" height=\"300\" src=\"https:\/\/proirriga.com\/wp-content\/uploads\/2023\/02\/sistemas-de-drenagem.png\" class=\"attachment-full size-full wp-image-656\" alt=\"\" srcset=\"https:\/\/proirriga.com\/wp-content\/uploads\/2023\/02\/sistemas-de-drenagem.png 300w, https:\/\/proirriga.com\/wp-content\/uploads\/2023\/02\/sistemas-de-drenagem-150x150.png 150w, https:\/\/proirriga.com\/wp-content\/uploads\/2023\/02\/sistemas-de-drenagem-200x200.png 200w, https:\/\/proirriga.com\/wp-content\/uploads\/2023\/02\/sistemas-de-drenagem-100x100.png 100w\" sizes=\"(max-width: 300px) 100vw, 300px\" title=\"\"><\/a>                                    <\/div>\n                                                                    <\/div>\n                            <\/div>\n\n                                                    <div class=\"htb-col-md-4 htb-col-sm-6 htb-col-12\">\n                                <div class=\"htmega-singleimage-grid htmega-singleimage-gridstyle-4\" >\n                                    <div class=\"thumb\">\n                                        <a href=\"#\" target=\"_blank\" rel=\"nofollow\"><img decoding=\"async\" width=\"300\" height=\"300\" src=\"https:\/\/proirriga.com\/wp-content\/uploads\/2023\/02\/Solucoes-para-automacao.png\" class=\"attachment-full size-full wp-image-657\" alt=\"\" srcset=\"https:\/\/proirriga.com\/wp-content\/uploads\/2023\/02\/Solucoes-para-automacao.png 300w, https:\/\/proirriga.com\/wp-content\/uploads\/2023\/02\/Solucoes-para-automacao-150x150.png 150w, https:\/\/proirriga.com\/wp-content\/uploads\/2023\/02\/Solucoes-para-automacao-200x200.png 200w, https:\/\/proirriga.com\/wp-content\/uploads\/2023\/02\/Solucoes-para-automacao-100x100.png 100w\" sizes=\"(max-width: 300px) 100vw, 300px\" title=\"\"><\/a>                                    <\/div>\n                                                                    <\/div>\n                            <\/div>\n\n                                                    <div class=\"htb-col-md-4 htb-col-sm-6 htb-col-12\">\n                                <div class=\"htmega-singleimage-grid htmega-singleimage-gridstyle-4\" >\n                                    <div class=\"thumb\">\n                                        <a href=\"#\" target=\"_blank\" rel=\"nofollow\"><img decoding=\"async\" width=\"300\" height=\"300\" src=\"https:\/\/proirriga.com\/wp-content\/uploads\/2023\/02\/Impermeabilizacao-de-reservatorios.png\" class=\"attachment-full size-full wp-image-883\" alt=\"\" srcset=\"https:\/\/proirriga.com\/wp-content\/uploads\/2023\/02\/Impermeabilizacao-de-reservatorios.png 300w, https:\/\/proirriga.com\/wp-content\/uploads\/2023\/02\/Impermeabilizacao-de-reservatorios-150x150.png 150w, https:\/\/proirriga.com\/wp-content\/uploads\/2023\/02\/Impermeabilizacao-de-reservatorios-200x200.png 200w, https:\/\/proirriga.com\/wp-content\/uploads\/2023\/02\/Impermeabilizacao-de-reservatorios-100x100.png 100w\" sizes=\"(max-width: 300px) 100vw, 300px\" title=\"\"><\/a>                                    <\/div>\n                                                                    <\/div>\n                            <\/div>\n\n                                        <\/div>\n            <\/div>\n\n        \t\t\t\t<\/div>\n\t\t\t\t<\/div>\n\t\t\t\t<\/div>\n\t\t\t\t\t<\/div>\n\t\t\t\t<\/div>\n\t\t<div class=\"elementor-element elementor-element-81efc71 e-flex e-con-boxed e-con e-parent\" data-id=\"81efc71\" data-element_type=\"container\" data-e-type=\"container\">\n\t\t\t\t\t<div class=\"e-con-inner\">\n\t\t\t\t\t<\/div>\n\t\t\t\t<\/div>\n\t\t\t\t<section class=\"elementor-section elementor-top-section elementor-element elementor-element-582e58ea elementor-section-content-middle elementor-section-boxed elementor-section-height-default elementor-section-height-default\" data-id=\"582e58ea\" data-element_type=\"section\" data-e-type=\"section\">\n\t\t\t\t\t\t<div class=\"elementor-container elementor-column-gap-default\">\n\t\t\t\t\t<div class=\"elementor-column elementor-col-50 elementor-top-column elementor-element elementor-element-47c5ecf\" data-id=\"47c5ecf\" data-element_type=\"column\" data-e-type=\"column\">\n\t\t\t<div class=\"elementor-widget-wrap elementor-element-populated\">\n\t\t\t\t\t\t<div class=\"elementor-element elementor-element-75c5e705 elementor-widget elementor-widget-image\" data-id=\"75c5e705\" data-element_type=\"widget\" data-e-type=\"widget\" data-widget_type=\"image.default\">\n\t\t\t\t<div class=\"elementor-widget-container\">\n\t\t\t\t\t\t\t\t\t\t\t\t\t\t\t<img loading=\"lazy\" decoding=\"async\" width=\"2048\" height=\"1152\" src=\"https:\/\/proirriga.com\/wp-content\/uploads\/2023\/02\/DSC03234-1.jpg\" class=\"attachment-full size-full wp-image-353\" alt=\"\" title=\"\">\t\t\t\t\t\t\t\t\t\t\t\t\t\t\t<\/div>\n\t\t\t\t<\/div>\n\t\t\t\t\t<\/div>\n\t\t<\/div>\n\t\t\t\t<div class=\"elementor-column elementor-col-50 elementor-top-column elementor-element elementor-element-11177a04\" data-id=\"11177a04\" data-element_type=\"column\" data-e-type=\"column\">\n\t\t\t<div class=\"elementor-widget-wrap elementor-element-populated\">\n\t\t\t\t\t\t<div class=\"elementor-element elementor-element-201c3e5d htmega-title-align-left htmega-title-align-tablet-center htmega-title-align-mobile_extra-center elementor-widget elementor-widget-section-title-addons\" data-id=\"201c3e5d\" data-element_type=\"widget\" data-e-type=\"widget\" data-widget_type=\"section-title-addons.default\">\n\t\t\t\t<div class=\"elementor-widget-container\">\n\t\t\t\t\t            <div class=\"htmega-201c3e5d htmega-section-title htmega-subtitle-position-bottom title-style-one htmega-section-title-order-parent image-\">\n                <h2 class=\"section-title-txt\">Seu projeto \u00e9 melhor com a gente<\/h2><p class=\"section-subtitle-txt\">confira o porqu\u00ea oferecemos os melhores produtos<\/p>            <\/div>\n\n            \n        \t\t\t\t<\/div>\n\t\t\t\t<\/div>\n\t\t\t\t<section class=\"elementor-section elementor-inner-section elementor-element elementor-element-6c387396 elementor-section-boxed elementor-section-height-default elementor-section-height-default\" data-id=\"6c387396\" data-element_type=\"section\" data-e-type=\"section\">\n\t\t\t\t\t\t<div class=\"elementor-container elementor-column-gap-default\">\n\t\t\t\t\t<div class=\"elementor-column elementor-col-100 elementor-inner-column elementor-element elementor-element-48d3409\" data-id=\"48d3409\" data-element_type=\"column\" data-e-type=\"column\">\n\t\t\t<div class=\"elementor-widget-wrap elementor-element-populated\">\n\t\t\t\t\t\t<div class=\"elementor-element elementor-element-78f196b7 elementor-tablet-align-center elementor-mobile_extra-align-center elementor-mobile-align-center elementor-icon-list--layout-traditional elementor-list-item-link-full_width elementor-widget elementor-widget-icon-list\" data-id=\"78f196b7\" data-element_type=\"widget\" data-e-type=\"widget\" data-widget_type=\"icon-list.default\">\n\t\t\t\t<div class=\"elementor-widget-container\">\n\t\t\t\t\t\t\t<ul class=\"elementor-icon-list-items\">\n\t\t\t\t\t\t\t<li class=\"elementor-icon-list-item\">\n\t\t\t\t\t\t\t\t\t\t\t<span class=\"elementor-icon-list-icon\">\n\t\t\t\t\t\t\t<i aria-hidden=\"true\" class=\"fas fa-check\"><\/i>\t\t\t\t\t\t<\/span>\n\t\t\t\t\t\t\t\t\t\t<span class=\"elementor-icon-list-text\">24 Anos de experi\u00eancia<\/span>\n\t\t\t\t\t\t\t\t\t<\/li>\n\t\t\t\t\t\t\t\t<li class=\"elementor-icon-list-item\">\n\t\t\t\t\t\t\t\t\t\t\t<span class=\"elementor-icon-list-icon\">\n\t\t\t\t\t\t\t<i aria-hidden=\"true\" class=\"fas fa-check\"><\/i>\t\t\t\t\t\t<\/span>\n\t\t\t\t\t\t\t\t\t\t<span class=\"elementor-icon-list-text\">As melhores pe\u00e7as pro seu projeto<\/span>\n\t\t\t\t\t\t\t\t\t<\/li>\n\t\t\t\t\t\t\t\t<li class=\"elementor-icon-list-item\">\n\t\t\t\t\t\t\t\t\t\t\t<span class=\"elementor-icon-list-icon\">\n\t\t\t\t\t\t\t<i aria-hidden=\"true\" class=\"fas fa-check\"><\/i>\t\t\t\t\t\t<\/span>\n\t\t\t\t\t\t\t\t\t\t<span class=\"elementor-icon-list-text\">100% Garantia<\/span>\n\t\t\t\t\t\t\t\t\t<\/li>\n\t\t\t\t\t\t\t\t<li class=\"elementor-icon-list-item\">\n\t\t\t\t\t\t\t\t\t\t\t<span class=\"elementor-icon-list-icon\">\n\t\t\t\t\t\t\t<i aria-hidden=\"true\" class=\"fas fa-check\"><\/i>\t\t\t\t\t\t<\/span>\n\t\t\t\t\t\t\t\t\t\t<span class=\"elementor-icon-list-text\">Os melhores pre\u00e7os<\/span>\n\t\t\t\t\t\t\t\t\t<\/li>\n\t\t\t\t\t\t<\/ul>\n\t\t\t\t\t\t<\/div>\n\t\t\t\t<\/div>\n\t\t\t\t\t<\/div>\n\t\t<\/div>\n\t\t\t\t\t<\/div>\n\t\t<\/section>\n\t\t\t\t\t<\/div>\n\t\t<\/div>\n\t\t\t\t\t<\/div>\n\t\t<\/section>\n\t\t<div class=\"elementor-element elementor-element-c6497b0 e-flex e-con-boxed e-con e-parent\" data-id=\"c6497b0\" data-element_type=\"container\" data-e-type=\"container\" data-settings=\"{&quot;background_background&quot;:&quot;classic&quot;,&quot;background_motion_fx_motion_fx_mouse&quot;:&quot;yes&quot;,&quot;background_motion_fx_mouseTrack_effect&quot;:&quot;yes&quot;,&quot;background_motion_fx_mouseTrack_speed&quot;:{&quot;unit&quot;:&quot;px&quot;,&quot;size&quot;:0.1,&quot;sizes&quot;:[]}}\">\n\t\t\t\t\t<div class=\"e-con-inner\">\n\t\t<div class=\"elementor-element elementor-element-2ddd226 e-con-full e-flex e-con e-child\" data-id=\"2ddd226\" data-element_type=\"container\" data-e-type=\"container\">\n\t\t\t\t<div class=\"elementor-element elementor-element-1cf9fde elementor-widget elementor-widget-heading\" data-id=\"1cf9fde\" data-element_type=\"widget\" data-e-type=\"widget\" data-widget_type=\"heading.default\">\n\t\t\t\t<div class=\"elementor-widget-container\">\n\t\t\t\t\t<h2 class=\"elementor-heading-title elementor-size-default\">N\u00f3s entregamos resultados<\/h2>\t\t\t\t<\/div>\n\t\t\t\t<\/div>\n\t\t\t\t<div class=\"elementor-element elementor-element-3b1eb67 elementor-widget elementor-widget-text-editor\" data-id=\"3b1eb67\" data-element_type=\"widget\" data-e-type=\"widget\" data-widget_type=\"text-editor.default\">\n\t\t\t\t<div class=\"elementor-widget-container\">\n\t\t\t\t\t\t\t\t\t<p>Focamos em lhe ajudar a atingir seu objetivos, seja voc\u00ea produtor rural ou pecuarista<\/p>\t\t\t\t\t\t\t\t<\/div>\n\t\t\t\t<\/div>\n\t\t\t\t<div class=\"elementor-element elementor-element-bf12c6c elementor-align-center elementor-widget elementor-widget-button\" data-id=\"bf12c6c\" data-element_type=\"widget\" data-e-type=\"widget\" data-widget_type=\"button.default\">\n\t\t\t\t<div class=\"elementor-widget-container\">\n\t\t\t\t\t\t\t\t\t<div class=\"elementor-button-wrapper\">\n\t\t\t\t\t<a class=\"elementor-button elementor-button-link elementor-size-sm\" href=\"https:\/\/api.whatsapp.com\/send?phone=5534999263555&#038;text=Ol%C3%A1.%20Quero%20fazer%20um%20or\u00e7amento%20para%20meu%20projeto!\" rel=\"nofollow noopener\" target=\"_blank\">\n\t\t\t\t\t\t<span class=\"elementor-button-content-wrapper\">\n\t\t\t\t\t\t\t\t\t<span class=\"elementor-button-text\">Contate-nos <\/span>\n\t\t\t\t\t<\/span>\n\t\t\t\t\t<\/a>\n\t\t\t\t<\/div>\n\t\t\t\t\t\t\t\t<\/div>\n\t\t\t\t<\/div>\n\t\t\t\t<div class=\"elementor-element elementor-element-2216831 elementor-view-stacked elementor-fixed elementor-shape-circle elementor-widget elementor-widget-icon\" data-id=\"2216831\" data-element_type=\"widget\" data-e-type=\"widget\" data-settings=\"{&quot;_position&quot;:&quot;fixed&quot;}\" data-widget_type=\"icon.default\">\n\t\t\t\t<div class=\"elementor-widget-container\">\n\t\t\t\t\t\t\t<div class=\"elementor-icon-wrapper\">\n\t\t\t<a class=\"elementor-icon elementor-animation-grow-rotate\" href=\"https:\/\/api.whatsapp.com\/send?phone=5534999263555&#038;text=Ol%C3%A1.%20Gostaria%20de%20receber%20um%20atendimento%20personalizado%20agora!\" rel=\"nofollow noopener\" target=\"_blank\">\n\t\t\t<i aria-hidden=\"true\" class=\"fab fa-whatsapp\"><\/i>\t\t\t<\/a>\n\t\t<\/div>\n\t\t\t\t\t\t<\/div>\n\t\t\t\t<\/div>\n\t\t\t\t<\/div>\n\t\t\t\t\t<\/div>\n\t\t\t\t<\/div>\n\t\t\t\t<section class=\"elementor-section elementor-top-section elementor-element elementor-element-14a36048 carpenter_welcome elementor-hidden-widescreen elementor-hidden-desktop elementor-hidden-laptop elementor-hidden-tablet_extra elementor-hidden-tablet elementor-hidden-mobile_extra elementor-hidden-mobile elementor-section-boxed elementor-section-height-default elementor-section-height-default\" data-id=\"14a36048\" data-element_type=\"section\" data-e-type=\"section\">\n\t\t\t\t\t\t<div class=\"elementor-container elementor-column-gap-default\">\n\t\t\t\t\t<div class=\"elementor-column elementor-col-50 elementor-top-column elementor-element elementor-element-6522dd30\" data-id=\"6522dd30\" data-element_type=\"column\" data-e-type=\"column\">\n\t\t\t<div class=\"elementor-widget-wrap elementor-element-populated\">\n\t\t\t\t\t\t<div class=\"elementor-element elementor-element-669b8f6f elementor-widget elementor-widget-heading\" data-id=\"669b8f6f\" data-element_type=\"widget\" data-e-type=\"widget\" data-widget_type=\"heading.default\">\n\t\t\t\t<div class=\"elementor-widget-container\">\n\t\t\t\t\t<h2 class=\"elementor-heading-title elementor-size-default\">Welcome To <span style=\"color:#E1C265\">Carpen.<\/span><\/h2>\t\t\t\t<\/div>\n\t\t\t\t<\/div>\n\t\t\t\t<div class=\"elementor-element elementor-element-35f14525 elementor-widget elementor-widget-text-editor\" data-id=\"35f14525\" data-element_type=\"widget\" data-e-type=\"widget\" data-widget_type=\"text-editor.default\">\n\t\t\t\t<div class=\"elementor-widget-container\">\n\t\t\t\t\t\t\t\t\t<p>Lorem ipsum dolor sit amet, conse adipisi elit, sed do eiusmod tempor incididunt ut labore et dolore magna aliqua. Ut enim ad minim veniam, quis nostrud exercit ullamco laboris nisi ut aliquip ex ea commodo consequat. Duis aute irure dolor in reprehenderit in voluptate velit esse cillum.<\/p><p>dolore eu fugiat nulla pariatur. Excepteur sint occaecat cupidatat non proid sunt in culpa qui officia deserunt mollit anim id<\/p>\t\t\t\t\t\t\t\t<\/div>\n\t\t\t\t<\/div>\n\t\t\t\t<section class=\"elementor-section elementor-inner-section elementor-element elementor-element-7cbde50c elementor-section-boxed elementor-section-height-default elementor-section-height-default\" data-id=\"7cbde50c\" data-element_type=\"section\" data-e-type=\"section\">\n\t\t\t\t\t\t<div class=\"elementor-container elementor-column-gap-default\">\n\t\t\t\t\t<div class=\"elementor-column elementor-col-33 elementor-inner-column elementor-element elementor-element-b0c6ae\" data-id=\"b0c6ae\" data-element_type=\"column\" data-e-type=\"column\">\n\t\t\t<div class=\"elementor-widget-wrap elementor-element-populated\">\n\t\t\t\t\t\t<div class=\"elementor-element elementor-element-252e653b elementor-widget elementor-widget-htmega-counter-addons\" data-id=\"252e653b\" data-element_type=\"widget\" data-e-type=\"widget\" data-widget_type=\"htmega-counter-addons.default\">\n\t\t\t\t<div class=\"elementor-widget-container\">\n\t\t\t\t\t            <div class=\"htmega-counter-area htmega-counter-style-1 htmega-countericon-align-\">\n\n            \n                                <div class=\"htmega-counter-content\">\n                    <span class=\"htmega-counter-number\" data-to-value=\"15\">0<\/span><span class=\"htmega-suffix\">+<\/span><h2 class=\"htmega-counter-title\">Years of Exprience<\/h2>                <\/div>\n            <\/div>\n        \t\t\t\t<\/div>\n\t\t\t\t<\/div>\n\t\t\t\t\t<\/div>\n\t\t<\/div>\n\t\t\t\t<div class=\"elementor-column elementor-col-33 elementor-inner-column elementor-element elementor-element-166c90e6\" data-id=\"166c90e6\" data-element_type=\"column\" data-e-type=\"column\">\n\t\t\t<div class=\"elementor-widget-wrap elementor-element-populated\">\n\t\t\t\t\t\t<div class=\"elementor-element elementor-element-54ea5132 elementor-widget elementor-widget-htmega-counter-addons\" data-id=\"54ea5132\" data-element_type=\"widget\" data-e-type=\"widget\" data-widget_type=\"htmega-counter-addons.default\">\n\t\t\t\t<div class=\"elementor-widget-container\">\n\t\t\t\t\t            <div class=\"htmega-counter-area htmega-counter-style-1 htmega-countericon-align-\">\n\n            \n                                <div class=\"htmega-counter-content\">\n                    <span class=\"htmega-counter-number\" data-to-value=\"30\">0<\/span><span class=\"htmega-suffix\">k<\/span><h2 class=\"htmega-counter-title\">Happy Customers<\/h2>                <\/div>\n            <\/div>\n        \t\t\t\t<\/div>\n\t\t\t\t<\/div>\n\t\t\t\t\t<\/div>\n\t\t<\/div>\n\t\t\t\t<div class=\"elementor-column elementor-col-33 elementor-inner-column elementor-element elementor-element-4c5541f4\" data-id=\"4c5541f4\" data-element_type=\"column\" data-e-type=\"column\">\n\t\t\t<div class=\"elementor-widget-wrap elementor-element-populated\">\n\t\t\t\t\t\t<div class=\"elementor-element elementor-element-7957531a elementor-widget elementor-widget-htmega-counter-addons\" data-id=\"7957531a\" data-element_type=\"widget\" data-e-type=\"widget\" data-widget_type=\"htmega-counter-addons.default\">\n\t\t\t\t<div class=\"elementor-widget-container\">\n\t\t\t\t\t            <div class=\"htmega-counter-area htmega-counter-style-1 htmega-countericon-align-\">\n\n            \n                                <div class=\"htmega-counter-content\">\n                    <span class=\"htmega-counter-number\" data-to-value=\"100\">0<\/span><span class=\"htmega-suffix\">%<\/span><h2 class=\"htmega-counter-title\">Satisfaction Guranteed<\/h2>                <\/div>\n            <\/div>\n        \t\t\t\t<\/div>\n\t\t\t\t<\/div>\n\t\t\t\t\t<\/div>\n\t\t<\/div>\n\t\t\t\t\t<\/div>\n\t\t<\/section>\n\t\t\t\t\t<\/div>\n\t\t<\/div>\n\t\t\t\t<div class=\"elementor-column elementor-col-50 elementor-top-column elementor-element elementor-element-234c2c8d\" data-id=\"234c2c8d\" data-element_type=\"column\" data-e-type=\"column\">\n\t\t\t<div class=\"elementor-widget-wrap elementor-element-populated\">\n\t\t\t\t\t\t<div class=\"elementor-element elementor-element-32a87543 elementor-widget elementor-widget-image\" data-id=\"32a87543\" data-element_type=\"widget\" data-e-type=\"widget\" data-widget_type=\"image.default\">\n\t\t\t\t<div class=\"elementor-widget-container\">\n\t\t\t\t\t\t\t\t\t\t\t\t\t\t\t<img decoding=\"async\" src=\"https:\/\/proirriga.com\/wp-content\/uploads\/2023\/02\/carpenter_welcome.jpg\" title=\"\" alt=\"\" loading=\"lazy\">\t\t\t\t\t\t\t\t\t\t\t\t\t\t\t<\/div>\n\t\t\t\t<\/div>\n\t\t\t\t\t<\/div>\n\t\t<\/div>\n\t\t\t\t\t<\/div>\n\t\t<\/section>\n\t\t\t\t<\/div>\n\t\t","protected":false},"excerpt":{"rendered":"<p>Nossos Produtos &nbsp; As melhores solu\u00e7\u00f5es para seu projeto Aba N\u00ba 1 Aba N\u00ba 2 Aba N\u00ba 3 Nossos Produtos &nbsp; As melhores solu\u00e7\u00f5es para seu projeto Seu projeto \u00e9 melhor com a gente confira o porqu\u00ea oferecemos os melhores produtos 24 Anos de experi\u00eancia As melhores pe\u00e7as pro seu projeto 100% Garantia Os melhores [&hellip;]<\/p>\n","protected":false},"author":1,"featured_media":0,"parent":0,"menu_order":0,"comment_status":"closed","ping_status":"closed","template":"","meta":{"om_disable_all_campaigns":false,"_monsterinsights_skip_tracking":false,"_monsterinsights_sitenote_active":false,"_monsterinsights_sitenote_note":"","_monsterinsights_sitenote_category":0,"footnotes":""},"class_list":["post-23","page","type-page","status-publish","hentry"],"_links":{"self":[{"href":"https:\/\/proirriga.com\/index.php?rest_route=\/wp\/v2\/pages\/23","targetHints":{"allow":["GET"]}}],"collection":[{"href":"https:\/\/proirriga.com\/index.php?rest_route=\/wp\/v2\/pages"}],"about":[{"href":"https:\/\/proirriga.com\/index.php?rest_route=\/wp\/v2\/types\/page"}],"author":[{"embeddable":true,"href":"https:\/\/proirriga.com\/index.php?rest_route=\/wp\/v2\/users\/1"}],"replies":[{"embeddable":true,"href":"https:\/\/proirriga.com\/index.php?rest_route=%2Fwp%2Fv2%2Fcomments&post=23"}],"version-history":[{"count":121,"href":"https:\/\/proirriga.com\/index.php?rest_route=\/wp\/v2\/pages\/23\/revisions"}],"predecessor-version":[{"id":1333,"href":"https:\/\/proirriga.com\/index.php?rest_route=\/wp\/v2\/pages\/23\/revisions\/1333"}],"wp:attachment":[{"href":"https:\/\/proirriga.com\/index.php?rest_route=%2Fwp%2Fv2%2Fmedia&parent=23"}],"curies":[{"name":"wp","href":"https:\/\/api.w.org\/{rel}","templated":true}]}}